{"id":1858,"date":"2025-02-14T12:44:07","date_gmt":"2025-02-14T11:44:07","guid":{"rendered":"https:\/\/expopell.com\/avis-legal\/"},"modified":"2025-03-11T08:32:43","modified_gmt":"2025-03-11T07:32:43","slug":"avis-legal","status":"publish","type":"page","link":"https:\/\/expopell.com\/ca\/avis-legal\/","title":{"rendered":"Av\u00eds legal"},"content":{"rendered":"\t\t<div data-elementor-type=\"wp-page\" data-elementor-id=\"1858\" class=\"elementor elementor-1858 elementor-66\" data-elementor-post-type=\"page\">\n\t\t\t\t<div class=\"elementor-element elementor-element-059847b e-flex e-con-boxed e-con e-parent\" data-id=\"059847b\" data-element_type=\"container\" data-e-type=\"container\" data-settings=\"{&quot;background_background&quot;:&quot;classic&quot;}\">\n\t\t\t\t\t<div class=\"e-con-inner\">\n\t\t<div class=\"elementor-element elementor-element-efed9e9 e-con-full e-flex e-con e-child\" data-id=\"efed9e9\" data-element_type=\"container\" data-e-type=\"container\">\n\t\t\t\t<div class=\"elementor-element elementor-element-57c9950 elementor-widget elementor-widget-heading\" data-id=\"57c9950\" data-element_type=\"widget\" data-e-type=\"widget\" data-widget_type=\"heading.default\">\n\t\t\t\t<div class=\"elementor-widget-container\">\n\t\t\t\t\t<h1 class=\"elementor-heading-title elementor-size-default\">Av\u00eds legal<\/h1>\t\t\t\t<\/div>\n\t\t\t\t<\/div>\n\t\t\t\t<\/div>\n\t\t<div class=\"elementor-element elementor-element-6544501 e-con-full e-flex e-con e-child\" data-id=\"6544501\" data-element_type=\"container\" data-e-type=\"container\">\n\t\t\t\t<\/div>\n\t\t\t\t\t<\/div>\n\t\t\t\t<\/div>\n\t\t<div class=\"elementor-element elementor-element-d8815dd e-flex e-con-boxed e-con e-parent\" data-id=\"d8815dd\" data-element_type=\"container\" data-e-type=\"container\">\n\t\t\t\t\t<div class=\"e-con-inner\">\n\t\t<div class=\"elementor-element elementor-element-9dc8238 e-con-full e-flex e-con e-child\" data-id=\"9dc8238\" data-element_type=\"container\" data-e-type=\"container\">\n\t\t\t\t<div class=\"elementor-element elementor-element-56b6be2 elementor-widget elementor-widget-text-editor\" data-id=\"56b6be2\" data-element_type=\"widget\" data-e-type=\"widget\" data-widget_type=\"text-editor.default\">\n\t\t\t\t<div class=\"elementor-widget-container\">\n\t\t\t\t\t\t\t\t\t<h5>1. Informaci\u00f3 General<\/h5><p>El sal\u00f3 Expohogar est\u00e0 organitzat pel Col\u00b7legi Oficial d&#8217;Agents Comercials de Barcelona, \u200b\u200bamb CIF n\u00fam. Q-0873007-I i domicili al carrer Casp, n\u00fam. 130, CP 08013 Barcelona, \u200b\u200bEspanya, est\u00e0 inscrit al Registre P\u00fablic de Col\u00b7legis Professionals de Catalunya, amb data 16 d&#8217;octubre de 1984, sota el n\u00famero d&#8217;inscripci\u00f3 AC\/B-2. Tel\u00e8fon: 93 231 94 12; Correu electr\u00f2nic: <a href=\"mailto:coacb@coacb.com\">coacb@coacb.com<\/a>  <\/p><h5>2. Objecte<\/h5><p>Aquesta p\u00e0gina web (www.expohogar.com), propietat del COL\u00b7LEGI OFICIAL D&#8217;AGENTS COMERCIALS DE BARCELONA (d&#8217;ara endavant, COACB), ha estat creada i dissenyada per donar a con\u00e8ixer i permetre l&#8217;acc\u00e9s general de totes les persones usu\u00e0ries d&#8217;Internet a la informaci\u00f3, activitats, productes i serveis diversos, propis o de tercers, del sal\u00f3 Expoho.<\/p><p>Aquest Av\u00eds Legal t\u00e9 com a objecte establir les Condicions Generals que regulen l&#8217;acc\u00e9s i l&#8217;\u00fas general de la p\u00e0gina web esmentada per part de totes les persones usu\u00e0ries, de manera que l&#8217;acc\u00e9s i l&#8217;\u00fas d&#8217;aquesta implica necess\u00e0riament, la submissi\u00f3 i l&#8217;acceptaci\u00f3 de les Condicions Generals esmentades incloses en aquest Av\u00eds Legal.<\/p><p>El COACB es reserva la facultat de realitzar, en qualsevol moment i sense necessitat de cap preav\u00eds, qualsevol modificaci\u00f3 o actualitzaci\u00f3 dels continguts i serveis, de les presents disposicions d&#8217;acc\u00e9s i \u00fas i, en general, de quants elements integrin el disseny i la configuraci\u00f3 de la seva p\u00e0gina web. Per aix\u00f2 es recomana que l&#8217;usuari llegeixi detingudament i atenta les condicions generals cada vegada que vulgui entrar i fer-ne \u00fas, ja que aquestes poden patir alguna modificaci\u00f3. <\/p><h5>3. Acc\u00e9s a la p\u00e0gina web<\/h5><p>L&#8217;usuari pot accedir de forma gratu\u00efta i lliure a la p\u00e0gina web, excepte pel que fa al cost de la connexi\u00f3 a trav\u00e9s de la xarxa de telecomunicacions subministrada pel Prove\u00efdor d&#8217;acc\u00e9s a Internet (ISP) contractada pel seu compte.<\/p><p>Per la seva banda, el COACB informa que no es responsabilitza de la prestaci\u00f3 de serveis i subministraments de tercers, incl\u00f2s el transport a trav\u00e9s de xarxes de telecomunicacions, la fiabilitat, qualitat, continu\u00eftat i funcionament de les quals no li correspon, i per aix\u00f2 l&#8217;acc\u00e9s pot ser susp\u00e8s, cancel\u00b7lat o resultar inaccessible per motius t\u00e8cnics i especialment en cas de for\u00e7a major.<\/p><p>A m\u00e9s, el COACB es reserva el dret a interrompre en cas que ho consideri necessari l&#8217;acc\u00e9s a la seva p\u00e0gina web en qualsevol moment i sense av\u00eds previ, ja sigui per motius de seguretat, de control, de manteniment, per errors de subministrament el\u00e8ctric o per qualsevol altra causa. Si la interrupci\u00f3 tingu\u00e9s car\u00e0cter definitiu, es comunicar\u00e0 aquesta circumst\u00e0ncia als usuaris, que podran patir la p\u00e8rdua, si escau, de la informaci\u00f3 emmagatzemada als diferents serveis. <\/p><p>En conseq\u00fc\u00e8ncia, el COACB no es responsabilitza en cap cas de les conseq\u00fc\u00e8ncies d&#8217;eventuals interrupcions, ja que no pot garantir la fiabilitat, la disponibilitat, ni la continu\u00eftat de la seva p\u00e0gina web.<\/p><p>D&#8217;altra banda, l&#8217;acc\u00e9s a determinats serveis \u00e9s exclusiu per als nostres col\u00b7legiats o personal laboral, per als quals s\u00f3n requisits el registre previ i l&#8217;acceptaci\u00f3, abans d&#8217;iniciar-se la prestaci\u00f3, de les condicions particulars, les quals substituiran, completaran i\/o modificaran les establertes al present Av\u00eds Legal.<\/p><h5>4. \u00das de la p\u00e0gina web<\/h5><p>La utilitzaci\u00f3 de la p\u00e0gina web per qualsevol persona atribueix la condici\u00f3 d&#8217;usuari, el qual haur\u00e0 de posseir la capacitat legal per contractar i representaci\u00f3 necess\u00e0ria per contractar, que accepta que l&#8217;\u00fas \u00e9s sota la seva responsabilitat exclusiva.<\/p><p>L&#8217;usuari es compromet a no utilitzar la informaci\u00f3, activitats, productes o serveis que el COACB posa a la vostra disposici\u00f3 per desenvolupar activitats contr\u00e0ries a les lleis, a la moral oa l&#8217;ordre p\u00fablic i, en general, a fer-ne un \u00fas conforme a les presents Condicions Generals.<\/p><p>Especialment, queda prohibit l&#8217;\u00fas de la p\u00e0gina web amb fins lesius als b\u00e9ns del COACB que de qualsevol altra manera sobrecarreguin, danyin o inutilitzin les xarxes, servidors i altres equips inform\u00e0tics (maquinari) o productes i aplicacions inform\u00e0tiques (programari) del COACB o de tercers, si escau.<\/p><p>L&#8217;usuari pot descarregar els continguts que desitgi de la p\u00e0gina web i, quan sigui necessari, el COACB l&#8217;informar\u00e0 en cas necessari sobre les especificacions t\u00e8cniques necess\u00e0ries per descarregar informaci\u00f3 i continguts de la seva p\u00e0gina web.<\/p><p>L&#8217;usuari s&#8217;abstindr\u00e0 d&#8217;obtenir, o intentar obtenir, els continguts per mitjans o procediments diferents dels que en cada cas s&#8217;hagin posat a la seva disposici\u00f3 o s&#8217;hagin indicat a aquest efecte o dels que s&#8217;utilitzin habitualment a Internet. En aquest sentit, es prega a l&#8217;usuari que pari atenci\u00f3 a aquests missatges d&#8217;av\u00eds, ja que el COACB no es responsabilitza dels danys i perjudicis que puguin patir els equips inform\u00e0tics de l&#8217;usuari perqu\u00e8 aquest hagi fet servir de manera indeguda o negligent la p\u00e0gina web. <\/p><p>Quant a l&#8217;\u00fas dels serveis interactius que, en qualsevol forma, permetin la divulgaci\u00f3 de continguts per part de l&#8217;usuari a trav\u00e9s de la p\u00e0gina web ser\u00e0 conforme a la llei, aquestes Condicions, les condicions particulars, si escau, la moral, els bons costums i l&#8217;ordre p\u00fablic.<\/p><h5>5. Continguts<\/h5><p>Els continguts de la p\u00e0gina web s\u00f3n posats a disposici\u00f3 de l&#8217;usuari pel COACB com a informaci\u00f3 pr\u00f2pia o, si escau, de tercers. El COACB posar\u00e0 els mitjans raonables a la vostra disposici\u00f3 perqu\u00e8 els continguts inclosos a la seva p\u00e0gina web siguin exactes i estiguin actualitzats. <\/p><h5>6. Propietat Intel\u00b7lectual i Industrial. Hipervincles <\/h5><p>Tots els continguts, marques, dissenys, logotips, icones, programari, noms comercials, noms de domini i qualsevol altre signe o element susceptible de protecci\u00f3 per drets de propietat intel\u00b7lectual o industrial que formin part del Web s\u00f3n propietat del COACB o de domini p\u00fablic o de tercers que hi han autoritzat degudament la seva inclusi\u00f3 i que figuren com a autors o titulars. En cap cas s&#8217;entendr\u00e0 que es concedeix cap llic\u00e8ncia o s&#8217;efectua ren\u00fancia, transmissi\u00f3, cessi\u00f3 total o parcial d&#8217;aquests drets, ni es confereix cap dret, i especialment, d&#8217;explotaci\u00f3, reproducci\u00f3, distribuci\u00f3, transformaci\u00f3 o comunicaci\u00f3 p\u00fablica sobre aquests continguts sense la pr\u00e8via autoritzaci\u00f3 expressa i per escrit del COACB o dels tercers corresponents. Les violacions de qualsevol dels drets de propietat intel\u00b7lectual o industrial a qu\u00e8 fa refer\u00e8ncia aquest apartat seran perseguides mitjan\u00e7ant les accions penals i civils previstes en la legislaci\u00f3 vigent.  <\/p><p>Els usuaris i, en general, aquelles persones que es proposin establir un hiperenlla\u00e7 entre la seva p\u00e0gina web i la Web (des d&#8217;ara l&#8217;hiperenlla\u00e7) haurien de comptar amb l&#8217;autoritzaci\u00f3 expressa del COACB i complir les condicions seg\u00fcents: L&#8217;hiperenlla\u00e7 nom\u00e9s permetr\u00e0 l&#8217;acc\u00e9s a la p\u00e0gina d&#8217;inici del Web, oa l&#8217;instant concret que autoritzi el COACB; No es crear\u00e0 un frame sobre les p\u00e0gines web de la web; No es realitzaran manifestacions o indicacions falses, inexactes o incorrectes sobre el COACB, els seus directius, persones i productes i\/o serveis; No es declarar\u00e0 ni es donar\u00e0 a entendre que el COACB ha autoritzat l&#8217;hipervincle o que ha supervisat o assumit de qualsevol manera els serveis oferts o posats a disposici\u00f3 de la p\u00e0gina web on s&#8217;estableix l&#8217;hipervincle; Excepci\u00f3 feta d&#8217;aquells que formen part del mateix hipervincle, la p\u00e0gina web on s&#8217;estableixi l&#8217;hipervincle no contindr\u00e0 cap marca, nom comercial, r\u00e8tol d&#8217;establiment, denominaci\u00f3, logotip, esl\u00f2gan o altres signes distintius pertanyents al COACB. La p\u00e0gina web on s&#8217;estableixi l&#8217;hiperenlla\u00e7 no contindr\u00e0 informacions o continguts il\u00b7l\u00edcits, contraris a la moral i als bons costums generalment acceptats ia l&#8217;ordre p\u00fablic, aix\u00ed com tampoc contindr\u00e0 continguts contraris a qualsevol dret de tercers. L&#8217;establiment de l&#8217;hipervincle no implica en cap cas l&#8217;exist\u00e8ncia de relacions entre COACB i el propietari de la p\u00e0gina web on s&#8217;estableixi, ni l&#8217;acceptaci\u00f3 i l&#8217;aprovaci\u00f3 per part de COACB dels seus continguts o serveis.  <\/p><h5>7. Publicitat<\/h5><p>A la p\u00e0gina web s&#8217;allotgen continguts publicitaris. Els anunciants s\u00f3n els \u00fanics responsables d&#8217;assegurar-se que el material rem\u00e8s per a la seva inclusi\u00f3 a la p\u00e0gina web compleix la normativa que en cada cas puguin ser aplicables. El COACB no \u00e9s responsable de qualsevol error, inexactitud o irregularitat que puguin contenir els continguts publicitaris o dels patrocinadors.  <\/p><h5>8. \u00c0rea privada<\/h5><p>L&#8217;acc\u00e9s a qualsevol \u00c0rea privada de la Web \u00e9s personal i intransferible i l&#8217;usuari es compromet a vetllar per la confidencialitat de la contrasenya.<\/p><h5>9. Responsabilitat i cookies<\/h5><p>L&#8217;usuari respondr\u00e0 dels danys i perjudicis de tota naturalesa que el COACB pugui patir com a conseq\u00fc\u00e8ncia d&#8217;incompliment de qualsevol de les obligacions a qu\u00e8 queda sotm\u00e8s per aquest Av\u00eds Legal o, si escau, per les condicions particulars que siguin aplicables. El COACB no es responsabilitza dels danys o perjudicis de qualsevol tipus produ\u00efts a l&#8217;usuari que derivin d&#8217;errors o desconnexions a les xarxes de telecomunicacions que produeixin la suspensi\u00f3, cancel\u00b7laci\u00f3 o interrupci\u00f3 del servei de la p\u00e0gina web durant la prestaci\u00f3 del mateix o amb car\u00e0cter previ. L&#8217;acc\u00e9s al Portal no implica l&#8217;obligaci\u00f3 del COACB de controlar l&#8217;abs\u00e8ncia de virus o qualsevol altre element inform\u00e0tic nociu. Correspon a l&#8217;usuari, en tot cas, la disponibilitat d&#8217;eines adequades per a la detecci\u00f3 i la desinfecci\u00f3 de programes inform\u00e0tics perjudicials. El COACB no es responsabilitza dels danys produ\u00efts als equips inform\u00e0tics dels usuaris o de tercers durant la prestaci\u00f3 del servei del Portal. El COACB no es responsabilitza de les decisions preses a partir de la informaci\u00f3 subministrada al web ni dels danys i perjudicis produ\u00efts a l&#8217;usuari o tercers amb motiu d&#8217;actuacions que tinguin com a \u00fanic fonament la informaci\u00f3 obtinguda a trav\u00e9s de la p\u00e0gina web.     <\/p><p>El servei d&#8217;acc\u00e9s al web inclou dispositius t\u00e8cnics d&#8217;enlla\u00e7 que us permeten accedir a altres p\u00e0gines i portals d&#8217;Internet. En aquests casos, el COACB actua com a prestador de serveis d&#8217;intermediaci\u00f3, de conformitat amb l&#8217;article 17 de la Llei 34\/2002, d&#8217;11 de juliol, de serveis de la Societat de la Informaci\u00f3 i el Comer\u00e7 Electr\u00f2nic (LSSI), i nom\u00e9s ser\u00e0 responsable dels continguts i serveis subministrats als llocs enlla\u00e7ats en la mesura que tingui coneixement. <\/p><p>En cas que l&#8217;usuari consideri que hi ha un Lloc enlla\u00e7at amb continguts il\u00b7l\u00edcits o inadequats, ho podr\u00e0 comunicar al COACB, sense que en cap cas aquesta comunicaci\u00f3 comporti l&#8217;obligaci\u00f3 de retirar el corresponent enlla\u00e7.<\/p><p>L&#8217;exist\u00e8ncia de links o enlla\u00e7os no ha de pressuposar l&#8217;exist\u00e8ncia d&#8217;acords amb els responsables o titulars dels mateixos, ni la recomanaci\u00f3, promoci\u00f3 o identificaci\u00f3 del COACB amb les manifestacions, els continguts o els serveis prove\u00efts.<\/p><p>El COACB no coneix els continguts i serveis dels links o enlla\u00e7os i per tant no es fa responsable dels danys produ\u00efts per la il\u00b7licitud, qualitat, desactualitzaci\u00f3, indisponibilitat, error i inutilitat dels continguts i\/o serveis dels links o enlla\u00e7os ni per qualsevol altre dany que no sigui directament imputable al COACB.<\/p><p>En relaci\u00f3 amb les galetes consulteu la pol\u00edtica de galetes a l&#8217;enlla\u00e7 corresponent.<\/p><h5>10. Legislaci\u00f3 i Llei Aplicable<\/h5><p>Aquest Av\u00eds Legal es regeix per la llei espanyola. Per als casos que la normativa prevegi la possibilitat a les parts de sotmetre&#8217;s a un fur, ambdues parts, amb ren\u00fancia expressa de qualsevol altre que els pogu\u00e9s correspondre, se sotmeten als Jutjats i Tribunals de la ciutat de Barcelona (Espanya). <\/p>\t\t\t\t\t\t\t\t<\/div>\n\t\t\t\t<\/div>\n\t\t\t\t<\/div>\n\t\t\t\t\t<\/div>\n\t\t\t\t<\/div>\n\t\t\t\t<\/div>\n\t\t","protected":false},"excerpt":{"rendered":"<p>1. Informaci\u00f3 General El sal\u00f3 Expohogar est\u00e0 organitzat pel Col\u00b7legi Oficial d&#8217;Agents Comercials de Barcelona, \u200b\u200bamb CIF n\u00fam. Q-0873007-I i domicili al carrer Casp, n\u00fam. 130, CP 08013 Barcelona, \u200b\u200bEspanya, est\u00e0 inscrit al Registre P\u00fablic de Col\u00b7legis Professionals de Catalunya, amb data 16 d&#8217;octubre de 1984, sota el n\u00famero d&#8217;inscripci\u00f3 AC\/B-2. Tel\u00e8fon: 93 231 94 [&hellip;]<\/p>\n","protected":false},"author":1,"featured_media":0,"parent":0,"menu_order":0,"comment_status":"closed","ping_status":"closed","template":"","meta":{"_acf_changed":false,"footnotes":""},"class_list":["post-1858","page","type-page","status-publish","hentry"],"acf":[],"_links":{"self":[{"href":"https:\/\/expopell.com\/ca\/wp-json\/wp\/v2\/pages\/1858","targetHints":{"allow":["GET"]}}],"collection":[{"href":"https:\/\/expopell.com\/ca\/wp-json\/wp\/v2\/pages"}],"about":[{"href":"https:\/\/expopell.com\/ca\/wp-json\/wp\/v2\/types\/page"}],"author":[{"embeddable":true,"href":"https:\/\/expopell.com\/ca\/wp-json\/wp\/v2\/users\/1"}],"replies":[{"embeddable":true,"href":"https:\/\/expopell.com\/ca\/wp-json\/wp\/v2\/comments?post=1858"}],"version-history":[{"count":1,"href":"https:\/\/expopell.com\/ca\/wp-json\/wp\/v2\/pages\/1858\/revisions"}],"predecessor-version":[{"id":1859,"href":"https:\/\/expopell.com\/ca\/wp-json\/wp\/v2\/pages\/1858\/revisions\/1859"}],"wp:attachment":[{"href":"https:\/\/expopell.com\/ca\/wp-json\/wp\/v2\/media?parent=1858"}],"curies":[{"name":"wp","href":"https:\/\/api.w.org\/{rel}","templated":true}]}}